{"id":564,"date":"2024-12-05T12:53:08","date_gmt":"2024-12-05T12:53:08","guid":{"rendered":"https:\/\/nostalgiajesenske.sk\/verseny\/"},"modified":"2025-01-11T14:05:55","modified_gmt":"2025-01-11T14:05:55","slug":"verseny","status":"publish","type":"page","link":"https:\/\/nostalgiajesenske.sk\/hu\/verseny\/","title":{"rendered":"H\u0171s\u00e9gk\u00e1rtya program"},"content":{"rendered":"<p><div class=\"fusion-fullwidth fullwidth-box fusion-builder-row-1 fusion-flex-container has-pattern-background has-mask-background nonhundred-percent-fullwidth non-hundred-percent-height-scrolling\" style=\"--awb-border-radius-top-left:0px;--awb-border-radius-top-right:0px;--awb-border-radius-bottom-right:0px;--awb-border-radius-bottom-left:0px;--awb-flex-wrap:wrap;\" ><div class=\"fusion-builder-row fusion-row fusion-flex-align-items-flex-start fusion-flex-content-wrap\" style=\"max-width:1466.4px;margin-left: calc(-4% \/ 2 );margin-right: calc(-4% \/ 2 );\"><div class=\"fusion-layout-column fusion_builder_column fusion-builder-column-0 fusion_builder_column_1_1 1_1 fusion-flex-column\" style=\"--awb-bg-size:cover;--awb-width-large:100%;--awb-margin-top-large:0px;--awb-spacing-right-large:1.92%;--awb-margin-bottom-large:20px;--awb-spacing-left-large:1.92%;--awb-width-medium:100%;--awb-order-medium:0;--awb-spacing-right-medium:1.92%;--awb-spacing-left-medium:1.92%;--awb-width-small:100%;--awb-order-small:0;--awb-spacing-right-small:1.92%;--awb-spacing-left-small:1.92%;\"><div class=\"fusion-column-wrapper fusion-column-has-shadow fusion-flex-justify-content-flex-start fusion-content-layout-column\"><div class=\"fusion-title title fusion-title-1 fusion-sep-none fusion-title-center fusion-title-text fusion-title-size-one\"><h1 class=\"fusion-title-heading title-heading-center fusion-responsive-typography-calculated\" style=\"margin:0;--fontSize:60;line-height:var(--awb-typography1-line-height);\"><p>H\u0171s\u00e9gk\u00e1rtya program<\/p>\n<p>Gy\u0171jts pontokat \u00e9s a 11. napi men\u00fc 0,10 eur\u00f3\u00e9rt a Ti\u00e9d<\/p><\/h1><\/div><\/div><\/div><\/div><\/div><div class=\"fusion-fullwidth fullwidth-box fusion-builder-row-2 fusion-flex-container has-pattern-background has-mask-background nonhundred-percent-fullwidth non-hundred-percent-height-scrolling\" style=\"--awb-border-radius-top-left:0px;--awb-border-radius-top-right:0px;--awb-border-radius-bottom-right:0px;--awb-border-radius-bottom-left:0px;--awb-flex-wrap:wrap;\" ><div class=\"fusion-builder-row fusion-row fusion-flex-align-items-flex-start fusion-flex-content-wrap\" style=\"max-width:1466.4px;margin-left: calc(-4% \/ 2 );margin-right: calc(-4% \/ 2 );\"><div class=\"fusion-layout-column fusion_builder_column fusion-builder-column-1 fusion_builder_column_1_1 1_1 fusion-flex-column\" style=\"--awb-bg-size:cover;--awb-width-large:100%;--awb-margin-top-large:0px;--awb-spacing-right-large:1.92%;--awb-margin-bottom-large:20px;--awb-spacing-left-large:1.92%;--awb-width-medium:100%;--awb-order-medium:0;--awb-spacing-right-medium:1.92%;--awb-spacing-left-medium:1.92%;--awb-width-small:100%;--awb-order-small:0;--awb-spacing-right-small:1.92%;--awb-spacing-left-small:1.92%;\"><div class=\"fusion-column-wrapper fusion-column-has-shadow fusion-flex-justify-content-flex-start fusion-content-layout-column\"><div class=\"fusion-image-element \" style=\"text-align:center;--awb-caption-title-font-family:var(--h2_typography-font-family);--awb-caption-title-font-weight:var(--h2_typography-font-weight);--awb-caption-title-font-style:var(--h2_typography-font-style);--awb-caption-title-size:var(--h2_typography-font-size);--awb-caption-title-transform:var(--h2_typography-text-transform);--awb-caption-title-line-height:var(--h2_typography-line-height);--awb-caption-title-letter-spacing:var(--h2_typography-letter-spacing);\"><span class=\" fusion-imageframe imageframe-none imageframe-1 hover-type-none\"><a href=\"https:\/\/nostalgiajesenske.sk\/wp-content\/uploads\/2024\/12\/image_123650291-8.jpg\" class=\"fusion-lightbox\" data-rel=\"iLightbox[f09002448f1a13bacbe]\" data-title=\"image_123650291 (8)\" title=\"image_123650291 (8)\"><img decoding=\"async\" width=\"768\" height=\"1080\" src=\"https:\/\/nostalgiajesenske.sk\/wp-content\/uploads\/2024\/12\/image_123650291-8.jpg\" alt class=\"img-responsive wp-image-458\" srcset=\"https:\/\/nostalgiajesenske.sk\/wp-content\/uploads\/2024\/12\/image_123650291-8-200x281.jpg 200w, https:\/\/nostalgiajesenske.sk\/wp-content\/uploads\/2024\/12\/image_123650291-8-400x563.jpg 400w, https:\/\/nostalgiajesenske.sk\/wp-content\/uploads\/2024\/12\/image_123650291-8-600x844.jpg 600w, https:\/\/nostalgiajesenske.sk\/wp-content\/uploads\/2024\/12\/image_123650291-8.jpg 768w\" sizes=\"(max-width: 800px) 100vw, 768px\" \/><\/a><\/span><\/div><\/div><\/div><div class=\"fusion-layout-column fusion_builder_column fusion-builder-column-2 fusion_builder_column_1_1 1_1 fusion-flex-column\" style=\"--awb-bg-size:cover;--awb-width-large:100%;--awb-margin-top-large:0px;--awb-spacing-right-large:1.92%;--awb-margin-bottom-large:20px;--awb-spacing-left-large:1.92%;--awb-width-medium:100%;--awb-order-medium:0;--awb-spacing-right-medium:1.92%;--awb-spacing-left-medium:1.92%;--awb-width-small:100%;--awb-order-small:0;--awb-spacing-right-small:1.92%;--awb-spacing-left-small:1.92%;\"><div class=\"fusion-column-wrapper fusion-column-has-shadow fusion-flex-justify-content-flex-start fusion-content-layout-column\"><div class=\"fusion-image-element \" style=\"text-align:center;--awb-caption-title-font-family:var(--h2_typography-font-family);--awb-caption-title-font-weight:var(--h2_typography-font-weight);--awb-caption-title-font-style:var(--h2_typography-font-style);--awb-caption-title-size:var(--h2_typography-font-size);--awb-caption-title-transform:var(--h2_typography-text-transform);--awb-caption-title-line-height:var(--h2_typography-line-height);--awb-caption-title-letter-spacing:var(--h2_typography-letter-spacing);\"><span class=\" fusion-imageframe imageframe-none imageframe-2 hover-type-none\"><a href=\"https:\/\/nostalgiajesenske.sk\/wp-content\/uploads\/2024\/12\/IMG_1906.jpg\" class=\"fusion-lightbox\" data-rel=\"iLightbox[aa3963308d64828f8d6]\" data-title=\"IMG_1906\" title=\"IMG_1906\"><img decoding=\"async\" width=\"1200\" height=\"436\" src=\"https:\/\/nostalgiajesenske.sk\/wp-content\/uploads\/2024\/12\/IMG_1906.jpg\" alt class=\"img-responsive wp-image-460\" srcset=\"https:\/\/nostalgiajesenske.sk\/wp-content\/uploads\/2024\/12\/IMG_1906-200x73.jpg 200w, https:\/\/nostalgiajesenske.sk\/wp-content\/uploads\/2024\/12\/IMG_1906-400x145.jpg 400w, https:\/\/nostalgiajesenske.sk\/wp-content\/uploads\/2024\/12\/IMG_1906-600x218.jpg 600w, https:\/\/nostalgiajesenske.sk\/wp-content\/uploads\/2024\/12\/IMG_1906-800x291.jpg 800w, https:\/\/nostalgiajesenske.sk\/wp-content\/uploads\/2024\/12\/IMG_1906.jpg 1200w\" sizes=\"(max-width: 800px) 100vw, 1200px\" \/><\/a><\/span><\/div><\/div><\/div><\/div><\/div><\/p>\n","protected":false},"excerpt":{"rendered":"","protected":false},"author":1,"featured_media":0,"parent":0,"menu_order":0,"comment_status":"closed","ping_status":"closed","template":"100-width.php","meta":{"footnotes":""},"class_list":["post-564","page","type-page","status-publish","hentry"],"yoast_head":"<!-- This site is optimized with the Yoast SEO plugin v25.1 - https:\/\/yoast.com\/wordpress\/plugins\/seo\/ -->\n<title>H\u0171s\u00e9gk\u00e1rtya program - Nostalgia<\/title>\n<meta name=\"robots\" content=\"index, follow, max-snippet:-1, max-image-preview:large, max-video-preview:-1\" \/>\n<link rel=\"canonical\" href=\"https:\/\/nostalgiajesenske.sk\/hu\/verseny\/\" \/>\n<meta property=\"og:locale\" content=\"hu_HU\" \/>\n<meta property=\"og:type\" content=\"article\" \/>\n<meta property=\"og:title\" content=\"H\u0171s\u00e9gk\u00e1rtya program - Nostalgia\" \/>\n<meta property=\"og:url\" content=\"https:\/\/nostalgiajesenske.sk\/hu\/verseny\/\" \/>\n<meta property=\"og:site_name\" content=\"Nostalgia\" \/>\n<meta property=\"article:publisher\" content=\"https:\/\/www.facebook.com\/nosztalgiaetteremfeled\/?locale=sk_SK\" \/>\n<meta property=\"article:modified_time\" content=\"2025-01-11T14:05:55+00:00\" \/>\n<meta name=\"twitter:card\" content=\"summary_large_image\" \/>\n<meta name=\"twitter:label1\" content=\"Becs\u00fclt olvas\u00e1si id\u0151\" \/>\n\t<meta name=\"twitter:data1\" content=\"1 perc\" \/>\n<script type=\"application\/ld+json\" class=\"yoast-schema-graph\">{\"@context\":\"https:\/\/schema.org\",\"@graph\":[{\"@type\":\"WebPage\",\"@id\":\"https:\/\/nostalgiajesenske.sk\/hu\/verseny\/\",\"url\":\"https:\/\/nostalgiajesenske.sk\/hu\/verseny\/\",\"name\":\"H\u0171s\u00e9gk\u00e1rtya program - Nostalgia\",\"isPartOf\":{\"@id\":\"https:\/\/nostalgiajesenske.sk\/#website\"},\"datePublished\":\"2024-12-05T12:53:08+00:00\",\"dateModified\":\"2025-01-11T14:05:55+00:00\",\"breadcrumb\":{\"@id\":\"https:\/\/nostalgiajesenske.sk\/hu\/verseny\/#breadcrumb\"},\"inLanguage\":\"hu\",\"potentialAction\":[{\"@type\":\"ReadAction\",\"target\":[\"https:\/\/nostalgiajesenske.sk\/hu\/verseny\/\"]}]},{\"@type\":\"BreadcrumbList\",\"@id\":\"https:\/\/nostalgiajesenske.sk\/hu\/verseny\/#breadcrumb\",\"itemListElement\":[{\"@type\":\"ListItem\",\"position\":1,\"name\":\"Domovsk\u00e1 str\u00e1nka\",\"item\":\"https:\/\/nostalgiajesenske.sk\/hu\/domov\/\"},{\"@type\":\"ListItem\",\"position\":2,\"name\":\"H\u0171s\u00e9gk\u00e1rtya program\"}]},{\"@type\":\"WebSite\",\"@id\":\"https:\/\/nostalgiajesenske.sk\/#website\",\"url\":\"https:\/\/nostalgiajesenske.sk\/\",\"name\":\"nostalgiajesenske.sk\",\"description\":\"Chutn\u00e9 jedlo a pohodln\u00fd oddych pod jednou strechou!\",\"publisher\":{\"@id\":\"https:\/\/nostalgiajesenske.sk\/#organization\"},\"potentialAction\":[{\"@type\":\"SearchAction\",\"target\":{\"@type\":\"EntryPoint\",\"urlTemplate\":\"https:\/\/nostalgiajesenske.sk\/?s={search_term_string}\"},\"query-input\":{\"@type\":\"PropertyValueSpecification\",\"valueRequired\":true,\"valueName\":\"search_term_string\"}}],\"inLanguage\":\"hu\"},{\"@type\":\"Organization\",\"@id\":\"https:\/\/nostalgiajesenske.sk\/#organization\",\"name\":\"Nostalgia\",\"url\":\"https:\/\/nostalgiajesenske.sk\/\",\"logo\":{\"@type\":\"ImageObject\",\"inLanguage\":\"hu\",\"@id\":\"https:\/\/nostalgiajesenske.sk\/#\/schema\/logo\/image\/\",\"url\":\"https:\/\/nostalgiajesenske.sk\/wp-content\/uploads\/2025\/01\/logo-hnede.png\",\"contentUrl\":\"https:\/\/nostalgiajesenske.sk\/wp-content\/uploads\/2025\/01\/logo-hnede.png\",\"width\":800,\"height\":298,\"caption\":\"Nostalgia\"},\"image\":{\"@id\":\"https:\/\/nostalgiajesenske.sk\/#\/schema\/logo\/image\/\"},\"sameAs\":[\"https:\/\/www.facebook.com\/nosztalgiaetteremfeled\/?locale=sk_SK\",\"https:\/\/www.instagram.com\/nostalgiarestauracia\/\"]}]}<\/script>\n<!-- \/ Yoast SEO plugin. -->","yoast_head_json":{"title":"H\u0171s\u00e9gk\u00e1rtya program - Nostalgia","robots":{"index":"index","follow":"follow","max-snippet":"max-snippet:-1","max-image-preview":"max-image-preview:large","max-video-preview":"max-video-preview:-1"},"canonical":"https:\/\/nostalgiajesenske.sk\/hu\/verseny\/","og_locale":"hu_HU","og_type":"article","og_title":"H\u0171s\u00e9gk\u00e1rtya program - Nostalgia","og_url":"https:\/\/nostalgiajesenske.sk\/hu\/verseny\/","og_site_name":"Nostalgia","article_publisher":"https:\/\/www.facebook.com\/nosztalgiaetteremfeled\/?locale=sk_SK","article_modified_time":"2025-01-11T14:05:55+00:00","twitter_card":"summary_large_image","twitter_misc":{"Becs\u00fclt olvas\u00e1si id\u0151":"1 perc"},"schema":{"@context":"https:\/\/schema.org","@graph":[{"@type":"WebPage","@id":"https:\/\/nostalgiajesenske.sk\/hu\/verseny\/","url":"https:\/\/nostalgiajesenske.sk\/hu\/verseny\/","name":"H\u0171s\u00e9gk\u00e1rtya program - Nostalgia","isPartOf":{"@id":"https:\/\/nostalgiajesenske.sk\/#website"},"datePublished":"2024-12-05T12:53:08+00:00","dateModified":"2025-01-11T14:05:55+00:00","breadcrumb":{"@id":"https:\/\/nostalgiajesenske.sk\/hu\/verseny\/#breadcrumb"},"inLanguage":"hu","potentialAction":[{"@type":"ReadAction","target":["https:\/\/nostalgiajesenske.sk\/hu\/verseny\/"]}]},{"@type":"BreadcrumbList","@id":"https:\/\/nostalgiajesenske.sk\/hu\/verseny\/#breadcrumb","itemListElement":[{"@type":"ListItem","position":1,"name":"Domovsk\u00e1 str\u00e1nka","item":"https:\/\/nostalgiajesenske.sk\/hu\/domov\/"},{"@type":"ListItem","position":2,"name":"H\u0171s\u00e9gk\u00e1rtya program"}]},{"@type":"WebSite","@id":"https:\/\/nostalgiajesenske.sk\/#website","url":"https:\/\/nostalgiajesenske.sk\/","name":"nostalgiajesenske.sk","description":"Chutn\u00e9 jedlo a pohodln\u00fd oddych pod jednou strechou!","publisher":{"@id":"https:\/\/nostalgiajesenske.sk\/#organization"},"potentialAction":[{"@type":"SearchAction","target":{"@type":"EntryPoint","urlTemplate":"https:\/\/nostalgiajesenske.sk\/?s={search_term_string}"},"query-input":{"@type":"PropertyValueSpecification","valueRequired":true,"valueName":"search_term_string"}}],"inLanguage":"hu"},{"@type":"Organization","@id":"https:\/\/nostalgiajesenske.sk\/#organization","name":"Nostalgia","url":"https:\/\/nostalgiajesenske.sk\/","logo":{"@type":"ImageObject","inLanguage":"hu","@id":"https:\/\/nostalgiajesenske.sk\/#\/schema\/logo\/image\/","url":"https:\/\/nostalgiajesenske.sk\/wp-content\/uploads\/2025\/01\/logo-hnede.png","contentUrl":"https:\/\/nostalgiajesenske.sk\/wp-content\/uploads\/2025\/01\/logo-hnede.png","width":800,"height":298,"caption":"Nostalgia"},"image":{"@id":"https:\/\/nostalgiajesenske.sk\/#\/schema\/logo\/image\/"},"sameAs":["https:\/\/www.facebook.com\/nosztalgiaetteremfeled\/?locale=sk_SK","https:\/\/www.instagram.com\/nostalgiarestauracia\/"]}]}},"_links":{"self":[{"href":"https:\/\/nostalgiajesenske.sk\/hu\/wp-json\/wp\/v2\/pages\/564","targetHints":{"allow":["GET"]}}],"collection":[{"href":"https:\/\/nostalgiajesenske.sk\/hu\/wp-json\/wp\/v2\/pages"}],"about":[{"href":"https:\/\/nostalgiajesenske.sk\/hu\/wp-json\/wp\/v2\/types\/page"}],"author":[{"embeddable":true,"href":"https:\/\/nostalgiajesenske.sk\/hu\/wp-json\/wp\/v2\/users\/1"}],"replies":[{"embeddable":true,"href":"https:\/\/nostalgiajesenske.sk\/hu\/wp-json\/wp\/v2\/comments?post=564"}],"version-history":[{"count":5,"href":"https:\/\/nostalgiajesenske.sk\/hu\/wp-json\/wp\/v2\/pages\/564\/revisions"}],"predecessor-version":[{"id":705,"href":"https:\/\/nostalgiajesenske.sk\/hu\/wp-json\/wp\/v2\/pages\/564\/revisions\/705"}],"wp:attachment":[{"href":"https:\/\/nostalgiajesenske.sk\/hu\/wp-json\/wp\/v2\/media?parent=564"}],"curies":[{"name":"wp","href":"https:\/\/api.w.org\/{rel}","templated":true}]}}